{"id":258,"date":"2025-09-04T09:06:43","date_gmt":"2025-09-04T09:06:43","guid":{"rendered":"https:\/\/gestiongeriatrica.es\/?page_id=258"},"modified":"2026-02-02T08:45:51","modified_gmt":"2026-02-02T08:45:51","slug":"aviso-legal","status":"publish","type":"page","link":"https:\/\/gestiongeriatrica.es\/index.php\/aviso-legal\/","title":{"rendered":"Aviso Legal"},"content":{"rendered":"\t\t<div data-elementor-type=\"wp-page\" data-elementor-id=\"258\" class=\"elementor elementor-258\" data-elementor-post-type=\"page\">\n\t\t\t\t<div class=\"elementor-element elementor-element-cc957b1 e-flex e-con-boxed e-con e-parent\" data-id=\"cc957b1\" data-element_type=\"container\" data-e-type=\"container\">\n\t\t\t\t\t<div class=\"e-con-inner\">\n\t\t\t\t<div class=\"elementor-element elementor-element-647a4f7a elementor-widget elementor-widget-text-editor\" data-id=\"647a4f7a\" data-element_type=\"widget\" data-e-type=\"widget\" data-widget_type=\"text-editor.default\">\n\t\t\t\t\t\t\t\t\t<p>En cumplimiento de la Ley 34\/2002, de 11 de Julio, de Servicios de la Sociedad de la Informaci\u00f3n y del Comercio Electr\u00f3nico le comunicamos la siguiente informaci\u00f3n:<\/p>\t\t\t\t\t\t\t\t<\/div>\n\t\t\t\t<div class=\"elementor-element elementor-element-2eda2932 elementor-widget elementor-widget-heading\" data-id=\"2eda2932\" data-element_type=\"widget\" data-e-type=\"widget\" data-widget_type=\"heading.default\">\n\t\t\t\t\t<h2 class=\"elementor-heading-title elementor-size-default\">Titular de este sitio:<\/h2>\t\t\t\t<\/div>\n\t\t\t\t<div class=\"elementor-element elementor-element-7e7c799c elementor-widget elementor-widget-text-editor\" data-id=\"7e7c799c\" data-element_type=\"widget\" data-e-type=\"widget\" data-widget_type=\"text-editor.default\">\n\t\t\t\t\t\t\t\t\t<p><strong>ELENA GEORGIANA TANASE<\/strong><\/p><ul><li>Direcci\u00f3n: Calle los Frailes, Valdestillas.<\/li><li>Tel\u00e9fono: +34 983 07 93 34<\/li><li>Correo electr\u00f3nico: info@gestiongeriatrica.es<\/li><\/ul>\t\t\t\t\t\t\t\t<\/div>\n\t\t\t\t<div class=\"elementor-element elementor-element-63d62910 elementor-widget elementor-widget-text-editor\" data-id=\"63d62910\" data-element_type=\"widget\" data-e-type=\"widget\" data-widget_type=\"text-editor.default\">\n\t\t\t\t\t\t\t\t\t<p>La utilizaci\u00f3n del contenido y\/o servicios del portal por parte del usuario supone la aceptaci\u00f3n expresa de las siguientes condiciones:<\/p>\t\t\t\t\t\t\t\t<\/div>\n\t\t\t\t<div class=\"elementor-element elementor-element-45bed6c3 elementor-widget elementor-widget-heading\" data-id=\"45bed6c3\" data-element_type=\"widget\" data-e-type=\"widget\" data-widget_type=\"heading.default\">\n\t\t\t\t\t<h2 class=\"elementor-heading-title elementor-size-default\">Condiciones de uso del portal<\/h2>\t\t\t\t<\/div>\n\t\t\t\t<div class=\"elementor-element elementor-element-40256bcc elementor-widget elementor-widget-text-editor\" data-id=\"40256bcc\" data-element_type=\"widget\" data-e-type=\"widget\" data-widget_type=\"text-editor.default\">\n\t\t\t\t\t\t\t\t\t<p><strong>ELENA GEORGIANA TANASE<\/strong> se reserva el derecho de efectuar modificaciones en el contenido de este portal sin previo aviso, as\u00ed como de su configuraci\u00f3n y presentaci\u00f3n. Este portal puede contener enlaces a p\u00e1ginas externas, no siendo<\/p><p><strong>ELENA GEORGIANA TANASE<\/strong> responsable del contenido de dichas p\u00e1ginas externas ni de cualquier otro aspecto relacionado con las mismas.<\/p><p>Los textos, im\u00e1genes, logotipos y resto de contenidos incluidos en este portal son propiedad de <strong>ELENA GEORGIANA TANASE<\/strong><b>.<\/b><\/p><p>Queda prohibida la transmisi\u00f3n, distribuci\u00f3n, reproducci\u00f3n o almacenamiento, total o parcial, excepto si se obtiene el previo consentimiento de<\/p><p><strong>ELENA GEORGIANA TANASE<\/strong>, y salvo cuando se indique lo contrario.<\/p><p>Para poder instalar o utilizar cualquier software que se encuentre disponible para su descarga desde este portal, deben aceptarse previamente los t\u00e9rminos del contrato de licencia, si lo hubiera, que acompa\u00f1e o se incluya en el software.<\/p><p><b><strong>ELENA GEORGIANA TANASE<\/strong> <\/b>no se hace responsable de los posibles da\u00f1os que se pudieran producir por el hecho de utilizar versiones no actualizadas de navegadores, o de las consecuencias que se pudieran derivar del mal funcionamiento del navegador, ya sea por configuraci\u00f3n inadecuada, presencia de virus inform\u00e1ticos o cualquier otra causa ajena a <strong>ELENA GEORGIANA TANASE<\/strong><b>.<\/b><\/p>\t\t\t\t\t\t\t\t<\/div>\n\t\t\t\t<div class=\"elementor-element elementor-element-4c7bf1e1 elementor-widget elementor-widget-heading\" data-id=\"4c7bf1e1\" data-element_type=\"widget\" data-e-type=\"widget\" data-widget_type=\"heading.default\">\n\t\t\t\t\t<h2 class=\"elementor-heading-title elementor-size-default\">Protecci\u00f3n de datos de car\u00e1cter personal<\/h2>\t\t\t\t<\/div>\n\t\t\t\t<div class=\"elementor-element elementor-element-2f76d5f elementor-widget elementor-widget-text-editor\" data-id=\"2f76d5f\" data-element_type=\"widget\" data-e-type=\"widget\" data-widget_type=\"text-editor.default\">\n\t\t\t\t\t\t\t\t\t<p>En cumplimiento de la Ley Org\u00e1nica 3\/2018, de 5 de diciembre, de Protecci\u00f3n de Datos Personales y garant\u00eda de los derechos digitales,<\/p><p><strong>ELENA GEORGIANA TANASE<\/strong> le informa que los datos de car\u00e1cter personal que nos proporcione al cumplimentar alg\u00fan formulario de inscripci\u00f3n, solicitud o consulta que aparezca en la presente Web, ser\u00e1n objeto de tratamiento y recogidos en una actividad de tratamiento de datos (denominada \u201cUSUARIOS WEB\u201d) cuyo responsable es <strong>ELENA GEORGIANA TANASE<\/strong><\/p><p>Para ejercer sus derechos de acceso, rectificaci\u00f3n, oposici\u00f3n, supresi\u00f3n, portabilidad y limitaci\u00f3n al tratamiento de sus datos personales, en los t\u00e9rminos y condiciones previstas en la propia normativa vigente en materia de protecci\u00f3n de datos, puede comunicarlo por escrito a <strong>ELENA GEORGIANA TANASE<\/strong><b>.<\/b><\/p><p>La recogida de sus datos de car\u00e1cter personal se lleva a cabo con la finalidad principal de poder ofrecer y prestarle los productos y\/o servicios ofrecidos en la presente web.<\/p><p><strong>ELENA GEORGIANA TANASE<\/strong> har\u00e1 uso de los datos de car\u00e1cter personal facilitados por usted exclusivamente para las finalidades indicadas.<\/p><p>No compartimos la informaci\u00f3n suministrada con terceros salvo exigencia legal o de procedimientos legales, y en ning\u00fan caso, vendemos este tipo de informaci\u00f3n.<\/p><p><strong>ELENA GEORGIANA TANASE<\/strong> le informa que tiene implantadas las medidas de seguridad de \u00edndole t\u00e9cnica y organizativas necesarias que garanticen la seguridad de sus datos de car\u00e1cter personal y eviten su alteraci\u00f3n, p\u00e9rdida, tratamiento y\/o acceso no autorizado, seg\u00fan lo dispuesto en la Ley Org\u00e1nica 3\/2018, de 5 de diciembre, de Protecci\u00f3n de Datos Personales y garant\u00eda de los derechos digitales.<\/p>\t\t\t\t\t\t\t\t<\/div>\n\t\t\t\t<div class=\"elementor-element elementor-element-6fad49b3 elementor-widget elementor-widget-heading\" data-id=\"6fad49b3\" data-element_type=\"widget\" data-e-type=\"widget\" data-widget_type=\"heading.default\">\n\t\t\t\t\t<h2 class=\"elementor-heading-title elementor-size-default\">Legislaci\u00f3n aplicable y jurisdicci\u00f3n<\/h2>\t\t\t\t<\/div>\n\t\t\t\t<div class=\"elementor-element elementor-element-20baea9e elementor-widget elementor-widget-text-editor\" data-id=\"20baea9e\" data-element_type=\"widget\" data-e-type=\"widget\" data-widget_type=\"text-editor.default\">\n\t\t\t\t\t\t\t\t\t<p>Este Aviso Legal se rige en todos y cada uno de sus extremos por la ley espa\u00f1ola, siendo competentes para la resoluci\u00f3n de cualquier conflicto derivado o relacionado con el uso de este portal a los Juzgados y Tribunales de Valladolid.<\/p>\t\t\t\t\t\t\t\t<\/div>\n\t\t\t\t\t<\/div>\n\t\t\t\t<\/div>\n\t\t\t\t<\/div>\n\t\t","protected":false},"excerpt":{"rendered":"<p>En cumplimiento de la Ley 34\/2002, de 11 de Julio, de Servicios de la Sociedad de la Informaci\u00f3n y del Comercio Electr\u00f3nico le comunicamos la siguiente informaci\u00f3n: Titular de este sitio: ELENA GEORGIANA TANASE Direcci\u00f3n: Calle los Frailes, Valdestillas. Tel\u00e9fono: +34 983 07 93 34 Correo electr\u00f3nico: info@gestiongeriatrica.es La utilizaci\u00f3n del contenido y\/o servicios del [&hellip;]<\/p>\n","protected":false},"author":1,"featured_media":0,"parent":0,"menu_order":0,"comment_status":"closed","ping_status":"closed","template":"","meta":{"footnotes":""},"class_list":["post-258","page","type-page","status-publish","hentry"],"_links":{"self":[{"href":"https:\/\/gestiongeriatrica.es\/index.php\/wp-json\/wp\/v2\/pages\/258","targetHints":{"allow":["GET"]}}],"collection":[{"href":"https:\/\/gestiongeriatrica.es\/index.php\/wp-json\/wp\/v2\/pages"}],"about":[{"href":"https:\/\/gestiongeriatrica.es\/index.php\/wp-json\/wp\/v2\/types\/page"}],"author":[{"embeddable":true,"href":"https:\/\/gestiongeriatrica.es\/index.php\/wp-json\/wp\/v2\/users\/1"}],"replies":[{"embeddable":true,"href":"https:\/\/gestiongeriatrica.es\/index.php\/wp-json\/wp\/v2\/comments?post=258"}],"version-history":[{"count":10,"href":"https:\/\/gestiongeriatrica.es\/index.php\/wp-json\/wp\/v2\/pages\/258\/revisions"}],"predecessor-version":[{"id":308,"href":"https:\/\/gestiongeriatrica.es\/index.php\/wp-json\/wp\/v2\/pages\/258\/revisions\/308"}],"wp:attachment":[{"href":"https:\/\/gestiongeriatrica.es\/index.php\/wp-json\/wp\/v2\/media?parent=258"}],"curies":[{"name":"wp","href":"https:\/\/api.w.org\/{rel}","templated":true}]}}